{"id":36199,"date":"2017-03-10T23:40:04","date_gmt":"2017-03-10T22:40:04","guid":{"rendered":"http:\/\/petrafeet.com\/blog\/?page_id=36199"},"modified":"2021-10-29T23:29:48","modified_gmt":"2021-10-29T21:29:48","slug":"viziami","status":"publish","type":"page","link":"https:\/\/www.petrafeet.com\/blog\/viziami\/","title":{"rendered":"Viziami"},"content":{"rendered":"<p><strong><img loading=\"lazy\" decoding=\"async\" class=\"destra alignleft wp-image-36339 size-full\" src=\"https:\/\/petrafeet.com\/blog\/wp-content\/uploads\/2017\/03\/petra-viziami.png\" alt=\"\" width=\"350\" height=\"471\" srcset=\"https:\/\/www.petrafeet.com\/blog\/wp-content\/uploads\/2017\/03\/petra-viziami.png 350w, https:\/\/www.petrafeet.com\/blog\/wp-content\/uploads\/2017\/03\/petra-viziami-223x300.png 223w\" sizes=\"auto, (max-width: 350px) 100vw, 350px\" \/><\/strong>Mi fa piacere che, finalmente, <strong>hai deciso di renderti utile<\/strong>! Io, la tua unica regina, ho uno stile di vita molto <strong>costoso<\/strong> (come \u00e8 giusto che sia), ma non mi importa&#8230;perch\u00e8 so che tu farai di tutto per <strong>soddisfare i miei vizi<\/strong>.<\/p>\n<p>Lascio a te la facolt\u00e0 di scegliere l&#8217;importo del tuo sacrificio,\u00a0perch\u00e8 so che farai di tutto per dedicare tutti i tuoi averi al mio piacere. Avanti, <strong>\u00e8 il tuo momento.<\/strong><\/p>\n<p><strong>Tributo su iWantClips (il mio preferito): <a href=\"https:\/\/iwantclips.com\/public_page\/credit_store\/86071\">QUI<\/a><\/strong><\/p>\n<p><strong>Tributo su Clips4Sale: <a href=\"https:\/\/clips4sale.com\/tools\/clipcash\/tribute.php?producer=115274\">QUI<\/a><\/strong><\/p>\n","protected":false},"excerpt":{"rendered":"<p>Mi fa piacere che, finalmente, hai deciso di renderti utile! Io, la tua unica regina, ho uno stile di vita molto costoso (come \u00e8 giusto che sia), ma non mi importa&#8230;perch\u00e8 so che tu farai di tutto per soddisfare i miei vizi. Lascio a te la facolt\u00e0 di scegliere l&#8217;importo [&hellip;]<\/p>\n","protected":false},"author":1,"featured_media":0,"parent":0,"menu_order":0,"comment_status":"closed","ping_status":"closed","template":"","meta":{"footnotes":""},"class_list":["post-36199","page","type-page","status-publish","hentry"],"_links":{"self":[{"href":"https:\/\/www.petrafeet.com\/blog\/wp-json\/wp\/v2\/pages\/36199","targetHints":{"allow":["GET"]}}],"collection":[{"href":"https:\/\/www.petrafeet.com\/blog\/wp-json\/wp\/v2\/pages"}],"about":[{"href":"https:\/\/www.petrafeet.com\/blog\/wp-json\/wp\/v2\/types\/page"}],"author":[{"embeddable":true,"href":"https:\/\/www.petrafeet.com\/blog\/wp-json\/wp\/v2\/users\/1"}],"replies":[{"embeddable":true,"href":"https:\/\/www.petrafeet.com\/blog\/wp-json\/wp\/v2\/comments?post=36199"}],"version-history":[{"count":21,"href":"https:\/\/www.petrafeet.com\/blog\/wp-json\/wp\/v2\/pages\/36199\/revisions"}],"predecessor-version":[{"id":39222,"href":"https:\/\/www.petrafeet.com\/blog\/wp-json\/wp\/v2\/pages\/36199\/revisions\/39222"}],"wp:attachment":[{"href":"https:\/\/www.petrafeet.com\/blog\/wp-json\/wp\/v2\/media?parent=36199"}],"curies":[{"name":"wp","href":"https:\/\/api.w.org\/{rel}","templated":true}]}}